{"id":933,"date":"2024-06-05T10:45:06","date_gmt":"2024-06-05T08:45:06","guid":{"rendered":"https:\/\/asbaudiovisuals.com\/karaoke\/"},"modified":"2024-08-28T11:50:15","modified_gmt":"2024-08-28T09:50:15","slug":"karaoke","status":"publish","type":"page","link":"https:\/\/asbaudiovisuals.com\/ca\/karaoke\/","title":{"rendered":"Karaoke"},"content":{"rendered":"\t\t<div data-elementor-type=\"wp-page\" data-elementor-id=\"933\" class=\"elementor elementor-933 elementor-773\" data-elementor-post-type=\"page\">\n\t\t\t\t\t\t<section class=\"elementor-section elementor-top-section elementor-element elementor-element-39f6dc7 elementor-section-boxed elementor-section-height-default elementor-section-height-default\" data-id=\"39f6dc7\" data-element_type=\"section\" data-settings=\"{&quot;background_background&quot;:&quot;classic&quot;}\">\n\t\t\t\t\t\t<div class=\"elementor-container elementor-column-gap-default\">\n\t\t\t\t\t<div class=\"elementor-column elementor-col-100 elementor-top-column elementor-element elementor-element-2d4d11f\" data-id=\"2d4d11f\" data-element_type=\"column\">\n\t\t\t<div class=\"elementor-widget-wrap elementor-element-populated\">\n\t\t\t\t\t\t<div class=\"elementor-element elementor-element-187e2d5 elementor-widget elementor-widget-spacer\" data-id=\"187e2d5\" data-element_type=\"widget\" data-widget_type=\"spacer.default\">\n\t\t\t\t<div class=\"elementor-widget-container\">\n\t\t\t\t\t\t\t<div class=\"elementor-spacer\">\n\t\t\t<div class=\"elementor-spacer-inner\"><\/div>\n\t\t<\/div>\n\t\t\t\t\t\t<\/div>\n\t\t\t\t<\/div>\n\t\t\t\t\t<\/div>\n\t\t<\/div>\n\t\t\t\t\t<\/div>\n\t\t<\/section>\n\t\t\t\t<section class=\"elementor-section elementor-top-section elementor-element elementor-element-8297347 elementor-section-boxed elementor-section-height-default elementor-section-height-default\" data-id=\"8297347\" data-element_type=\"section\" data-settings=\"{&quot;background_background&quot;:&quot;classic&quot;}\">\n\t\t\t\t\t\t<div class=\"elementor-container elementor-column-gap-default\">\n\t\t\t\t\t<div class=\"elementor-column elementor-col-100 elementor-top-column elementor-element elementor-element-6f9b7da\" data-id=\"6f9b7da\" data-element_type=\"column\">\n\t\t\t<div class=\"elementor-widget-wrap elementor-element-populated\">\n\t\t\t\t\t\t<div class=\"elementor-element elementor-element-3e7495a elementor-widget__width-initial elementor-widget-mobile__width-initial elementor-widget elementor-widget-heading\" data-id=\"3e7495a\" data-element_type=\"widget\" data-widget_type=\"heading.default\">\n\t\t\t\t<div class=\"elementor-widget-container\">\n\t\t\t\t\t<h1 class=\"elementor-heading-title elementor-size-default\">Karaoke<\/h1>\t\t\t\t<\/div>\n\t\t\t\t<\/div>\n\t\t\t\t<div class=\"elementor-element elementor-element-0711e8a elementor-widget__width-initial elementor-absolute elementor-widget elementor-widget-heading\" data-id=\"0711e8a\" data-element_type=\"widget\" data-settings=\"{&quot;_position&quot;:&quot;absolute&quot;,&quot;motion_fx_motion_fx_scrolling&quot;:&quot;yes&quot;,&quot;motion_fx_translateX_effect&quot;:&quot;yes&quot;,&quot;motion_fx_translateX_direction&quot;:&quot;negative&quot;,&quot;motion_fx_translateX_speed&quot;:{&quot;unit&quot;:&quot;px&quot;,&quot;size&quot;:&quot;6.2&quot;,&quot;sizes&quot;:[]},&quot;motion_fx_translateX_affectedRange&quot;:{&quot;unit&quot;:&quot;%&quot;,&quot;size&quot;:&quot;&quot;,&quot;sizes&quot;:{&quot;start&quot;:&quot;18&quot;,&quot;end&quot;:&quot;73&quot;}},&quot;motion_fx_devices&quot;:[&quot;desktop&quot;,&quot;tablet&quot;,&quot;mobile&quot;]}\" data-widget_type=\"heading.default\">\n\t\t\t\t<div class=\"elementor-widget-container\">\n\t\t\t\t\t<h1 class=\"elementor-heading-title elementor-size-default\">Karaoke<\/h1>\t\t\t\t<\/div>\n\t\t\t\t<\/div>\n\t\t\t\t\t<\/div>\n\t\t<\/div>\n\t\t\t\t\t<\/div>\n\t\t<\/section>\n\t\t\t\t<section class=\"elementor-section elementor-top-section elementor-element elementor-element-b12f159 elementor-section-boxed elementor-section-height-default elementor-section-height-default\" data-id=\"b12f159\" data-element_type=\"section\" data-settings=\"{&quot;background_background&quot;:&quot;classic&quot;}\">\n\t\t\t\t\t\t\t<div class=\"elementor-background-overlay\"><\/div>\n\t\t\t\t\t\t\t<div class=\"elementor-container elementor-column-gap-default\">\n\t\t\t\t\t<div class=\"elementor-column elementor-col-100 elementor-top-column elementor-element elementor-element-2f8d7a2\" data-id=\"2f8d7a2\" data-element_type=\"column\">\n\t\t\t<div class=\"elementor-widget-wrap elementor-element-populated\">\n\t\t\t\t\t\t<div class=\"elementor-element elementor-element-6a3d682 elementor-widget__width-initial elementor-invisible elementor-widget elementor-widget-text-editor\" data-id=\"6a3d682\" data-element_type=\"widget\" data-settings=\"{&quot;_animation&quot;:&quot;slideInRight&quot;}\" data-widget_type=\"text-editor.default\">\n\t\t\t\t<div class=\"elementor-widget-container\">\n\t\t\t\t\t\t\t\t\t<p>Visualitzes les principals sales de Karaoke de Barcelona? En ASB Audiovisuals tenim tot el material audiovisual necessari perqu\u00e8 el teu Karaoke sigui igual de professional. Des del lloguer d&#8217;equips de so, micr\u00f2fons, projectors, pantalles i el programa amb tota la base de dades amb m\u00e9s de 3<strong>0.000 can\u00e7ons<\/strong>, fins a la producci\u00f3 integral de l&#8217;esdeveniment.<\/p><p>Podem ocupar-nos de tot: instal\u00b7laci\u00f3 d&#8217;escenaris, tarimes, equips de so, equips d&#8217;il\u00b7luminaci\u00f3, projectors i pantalles. Organitzem tot l&#8217;esdeveniment, ja sigui per als teus amics, esdeveniments d&#8217;empresa, pre-bodas, o per al teu nou local de Karaoke. Necessites un presentador o cantant per a dinamitzar l&#8217;esdeveniment? Nosaltres ho contractem per tu.<\/p>\t\t\t\t\t\t\t\t<\/div>\n\t\t\t\t<\/div>\n\t\t\t\t\t<\/div>\n\t\t<\/div>\n\t\t\t\t\t<\/div>\n\t\t<\/section>\n\t\t\t\t<section class=\"elementor-section elementor-top-section elementor-element elementor-element-2b93903 elementor-section-full_width elementor-section-height-default elementor-section-height-default\" data-id=\"2b93903\" data-element_type=\"section\" data-settings=\"{&quot;background_background&quot;:&quot;classic&quot;}\">\n\t\t\t\t\t\t<div class=\"elementor-container elementor-column-gap-default\">\n\t\t\t\t\t<div class=\"elementor-column elementor-col-50 elementor-top-column elementor-element elementor-element-6b6cbc1\" data-id=\"6b6cbc1\" data-element_type=\"column\" data-settings=\"{&quot;background_background&quot;:&quot;classic&quot;}\">\n\t\t\t<div class=\"elementor-widget-wrap elementor-element-populated\">\n\t\t\t\t\t\t<div class=\"elementor-element elementor-element-ef40a55 elementor-widget elementor-widget-spacer\" data-id=\"ef40a55\" data-element_type=\"widget\" data-widget_type=\"spacer.default\">\n\t\t\t\t<div class=\"elementor-widget-container\">\n\t\t\t\t\t\t\t<div class=\"elementor-spacer\">\n\t\t\t<div class=\"elementor-spacer-inner\"><\/div>\n\t\t<\/div>\n\t\t\t\t\t\t<\/div>\n\t\t\t\t<\/div>\n\t\t\t\t\t<\/div>\n\t\t<\/div>\n\t\t\t\t<div class=\"elementor-column elementor-col-50 elementor-top-column elementor-element elementor-element-1e72513\" data-id=\"1e72513\" data-element_type=\"column\" data-settings=\"{&quot;background_background&quot;:&quot;classic&quot;}\">\n\t\t\t<div class=\"elementor-widget-wrap elementor-element-populated\">\n\t\t\t\t\t\t<div class=\"elementor-element elementor-element-9e7f98d elementor-widget elementor-widget-spacer\" data-id=\"9e7f98d\" data-element_type=\"widget\" data-widget_type=\"spacer.default\">\n\t\t\t\t<div class=\"elementor-widget-container\">\n\t\t\t\t\t\t\t<div class=\"elementor-spacer\">\n\t\t\t<div class=\"elementor-spacer-inner\"><\/div>\n\t\t<\/div>\n\t\t\t\t\t\t<\/div>\n\t\t\t\t<\/div>\n\t\t\t\t<div class=\"elementor-element elementor-element-bc41d67 elementor-widget__width-initial animated-fast elementor-widget-tablet__width-initial elementor-invisible elementor-widget elementor-widget-heading\" data-id=\"bc41d67\" data-element_type=\"widget\" data-settings=\"{&quot;_animation&quot;:&quot;slideInRight&quot;}\" data-widget_type=\"heading.default\">\n\t\t\t\t<div class=\"elementor-widget-container\">\n\t\t\t\t\t<h2 class=\"elementor-heading-title elementor-size-default\">Lloga un Karaoke professional<\/h2>\t\t\t\t<\/div>\n\t\t\t\t<\/div>\n\t\t\t\t<div class=\"elementor-element elementor-element-853f4b4 elementor-widget elementor-widget-spacer\" data-id=\"853f4b4\" data-element_type=\"widget\" data-widget_type=\"spacer.default\">\n\t\t\t\t<div class=\"elementor-widget-container\">\n\t\t\t\t\t\t\t<div class=\"elementor-spacer\">\n\t\t\t<div class=\"elementor-spacer-inner\"><\/div>\n\t\t<\/div>\n\t\t\t\t\t\t<\/div>\n\t\t\t\t<\/div>\n\t\t\t\t<div class=\"elementor-element elementor-element-fe8b098 elementor-widget__width-initial elementor-widget-tablet__width-initial elementor-invisible elementor-widget elementor-widget-text-editor\" data-id=\"fe8b098\" data-element_type=\"widget\" data-settings=\"{&quot;_animation&quot;:&quot;slideInRight&quot;}\" data-widget_type=\"text-editor.default\">\n\t\t\t\t<div class=\"elementor-widget-container\">\n\t\t\t\t\t\t\t\t\t<p>Una llista de can\u00e7ons de karaoke amb m\u00e9s de 30.000 t\u00edtols, una gran varietat d&#8217;estils i un programa de gesti\u00f3 innovador i amb un \u00fas molt senzill. Activarem el compte Premium durant el per\u00edode de lloguer, o durant l&#8217;esdeveniment de Karaoke, i tindr\u00e0s acc\u00e9s a totes les can\u00e7ons sense limitaci\u00f3. Converteix la teva festa en un aut\u00e8ntic espectacle.<\/p><p>Utilitzem el que est\u00e0 valorat des de fa 10 anys com el millor programari de Karaoke per a la gesti\u00f3 d&#8217;esdeveniments o sales. Tria entre uns dels nostres diferents packs de Karaoke i\u2026 a donar-ho tot!<\/p>\t\t\t\t\t\t\t\t<\/div>\n\t\t\t\t<\/div>\n\t\t\t\t\t<\/div>\n\t\t<\/div>\n\t\t\t\t\t<\/div>\n\t\t<\/section>\n\t\t\t\t<section class=\"elementor-section elementor-top-section elementor-element elementor-element-eb37c72 elementor-section-boxed elementor-section-height-default elementor-section-height-default\" data-id=\"eb37c72\" data-element_type=\"section\">\n\t\t\t\t\t\t<div class=\"elementor-container elementor-column-gap-default\">\n\t\t\t\t\t<div class=\"elementor-column elementor-col-100 elementor-top-column elementor-element elementor-element-26cdd46\" data-id=\"26cdd46\" data-element_type=\"column\">\n\t\t\t<div class=\"elementor-widget-wrap elementor-element-populated\">\n\t\t\t\t\t\t<div class=\"elementor-element elementor-element-ab1ce72 elementor-align-center elementor-widget__width-initial elementor-widget-tablet__width-initial elementor-widget elementor-widget-button\" data-id=\"ab1ce72\" data-element_type=\"widget\" data-widget_type=\"button.default\">\n\t\t\t\t<div class=\"elementor-widget-container\">\n\t\t\t\t\t\t\t\t\t<div class=\"elementor-button-wrapper\">\n\t\t\t\t\t<a class=\"elementor-button elementor-button-link elementor-size-sm\" href=\"https:\/\/wa.me\/622936346\">\n\t\t\t\t\t\t<span class=\"elementor-button-content-wrapper\">\n\t\t\t\t\t\t\t\t\t<span class=\"elementor-button-text\">ENVIAR WHATSAPP<\/span>\n\t\t\t\t\t<\/span>\n\t\t\t\t\t<\/a>\n\t\t\t\t<\/div>\n\t\t\t\t\t\t\t\t<\/div>\n\t\t\t\t<\/div>\n\t\t\t\t\t<\/div>\n\t\t<\/div>\n\t\t\t\t\t<\/div>\n\t\t<\/section>\n\t\t\t\t<section class=\"elementor-section elementor-top-section elementor-element elementor-element-cfb9044 elementor-section-boxed elementor-section-height-default elementor-section-height-default\" data-id=\"cfb9044\" data-element_type=\"section\">\n\t\t\t\t\t\t<div class=\"elementor-container elementor-column-gap-default\">\n\t\t\t\t\t<div class=\"elementor-column elementor-col-100 elementor-top-column elementor-element elementor-element-aba25b3\" data-id=\"aba25b3\" data-element_type=\"column\">\n\t\t\t<div class=\"elementor-widget-wrap elementor-element-populated\">\n\t\t\t\t\t\t<div class=\"elementor-element elementor-element-4abbc05 elementor-widget__width-initial animated-fast elementor-widget-tablet__width-initial elementor-invisible elementor-widget elementor-widget-heading\" data-id=\"4abbc05\" data-element_type=\"widget\" data-settings=\"{&quot;_animation&quot;:&quot;slideInRight&quot;}\" data-widget_type=\"heading.default\">\n\t\t\t\t<div class=\"elementor-widget-container\">\n\t\t\t\t\t<h2 class=\"elementor-heading-title elementor-size-default\">Per qu\u00e8 triar-nos per al teu pr\u00f2xim esdeveniment de Karaoke?<\/h2>\t\t\t\t<\/div>\n\t\t\t\t<\/div>\n\t\t\t\t<div class=\"elementor-element elementor-element-e8201c9 elementor-widget elementor-widget-spacer\" data-id=\"e8201c9\" data-element_type=\"widget\" data-widget_type=\"spacer.default\">\n\t\t\t\t<div class=\"elementor-widget-container\">\n\t\t\t\t\t\t\t<div class=\"elementor-spacer\">\n\t\t\t<div class=\"elementor-spacer-inner\"><\/div>\n\t\t<\/div>\n\t\t\t\t\t\t<\/div>\n\t\t\t\t<\/div>\n\t\t\t\t<div class=\"elementor-element elementor-element-cfa7102 elementor-widget__width-initial elementor-view-default elementor-widget elementor-widget-icon\" data-id=\"cfa7102\" data-element_type=\"widget\" data-widget_type=\"icon.default\">\n\t\t\t\t<div class=\"elementor-widget-container\">\n\t\t\t\t\t\t\t<div class=\"elementor-icon-wrapper\">\n\t\t\t<div class=\"elementor-icon\">\n\t\t\t<i aria-hidden=\"true\" class=\"far fa-check-circle\"><\/i>\t\t\t<\/div>\n\t\t<\/div>\n\t\t\t\t\t\t<\/div>\n\t\t\t\t<\/div>\n\t\t\t\t<div class=\"elementor-element elementor-element-5cc4977 elementor-widget__width-initial elementor-widget-tablet__width-initial elementor-widget-mobile__width-initial elementor-invisible elementor-widget elementor-widget-text-editor\" data-id=\"5cc4977\" data-element_type=\"widget\" data-settings=\"{&quot;_animation&quot;:&quot;slideInRight&quot;}\" data-widget_type=\"text-editor.default\">\n\t\t\t\t<div class=\"elementor-widget-container\">\n\t\t\t\t\t\t\t\t\t<p>En <strong>ASB Audiovisuals<\/strong> comptem amb els equips necessaris i amb el personal t\u00e8cnic qualificat per al Karaoke que vulguis organitzar. I si ho prefereixes, ho organitzem tot per tu.<\/p>\t\t\t\t\t\t\t\t<\/div>\n\t\t\t\t<\/div>\n\t\t\t\t<div class=\"elementor-element elementor-element-8c0f63d elementor-widget__width-initial elementor-widget-mobile__width-initial elementor-view-default elementor-widget elementor-widget-icon\" data-id=\"8c0f63d\" data-element_type=\"widget\" data-widget_type=\"icon.default\">\n\t\t\t\t<div class=\"elementor-widget-container\">\n\t\t\t\t\t\t\t<div class=\"elementor-icon-wrapper\">\n\t\t\t<div class=\"elementor-icon\">\n\t\t\t<i aria-hidden=\"true\" class=\"far fa-check-circle\"><\/i>\t\t\t<\/div>\n\t\t<\/div>\n\t\t\t\t\t\t<\/div>\n\t\t\t\t<\/div>\n\t\t\t\t<div class=\"elementor-element elementor-element-937d02d elementor-widget__width-initial elementor-widget-tablet__width-initial elementor-widget-mobile__width-initial elementor-invisible elementor-widget elementor-widget-text-editor\" data-id=\"937d02d\" data-element_type=\"widget\" data-settings=\"{&quot;_animation&quot;:&quot;slideInRight&quot;}\" data-widget_type=\"text-editor.default\">\n\t\t\t\t<div class=\"elementor-widget-container\">\n\t\t\t\t\t\t\t\t\t<p>Portem m\u00e9s de 15 anys fent el que ens apassiona amb esfor\u00e7, dedicaci\u00f3 i comprom\u00eds. Estem orgullosos dels centenars de clients que han confiat en nosaltres. Cada projecte \u00e9s \u00fanic i un nou repte, amb un mateix objectiu: marcar la difer\u00e8ncia.<\/p>\t\t\t\t\t\t\t\t<\/div>\n\t\t\t\t<\/div>\n\t\t\t\t<div class=\"elementor-element elementor-element-958acae elementor-widget__width-initial elementor-widget-mobile__width-initial elementor-view-default elementor-widget elementor-widget-icon\" data-id=\"958acae\" data-element_type=\"widget\" data-widget_type=\"icon.default\">\n\t\t\t\t<div class=\"elementor-widget-container\">\n\t\t\t\t\t\t\t<div class=\"elementor-icon-wrapper\">\n\t\t\t<div class=\"elementor-icon\">\n\t\t\t<i aria-hidden=\"true\" class=\"far fa-check-circle\"><\/i>\t\t\t<\/div>\n\t\t<\/div>\n\t\t\t\t\t\t<\/div>\n\t\t\t\t<\/div>\n\t\t\t\t<div class=\"elementor-element elementor-element-1c1760e elementor-widget__width-initial elementor-widget-tablet__width-initial elementor-widget-mobile__width-initial elementor-invisible elementor-widget elementor-widget-text-editor\" data-id=\"1c1760e\" data-element_type=\"widget\" data-settings=\"{&quot;_animation&quot;:&quot;slideInRight&quot;}\" data-widget_type=\"text-editor.default\">\n\t\t\t\t<div class=\"elementor-widget-container\">\n\t\t\t\t\t\t\t\t\t<p>Amb nom\u00e9s un missatge a trav\u00e9s del nostre formulari de contacte, un whatsapp o una trucada de tel\u00e8fon, el nostre personal t&#8217;atendr\u00e0 resolent qualsevol dubte que puguis tenir. Estarem encantats d&#8217;assessorar-te!<\/p>\t\t\t\t\t\t\t\t<\/div>\n\t\t\t\t<\/div>\n\t\t\t\t<div class=\"elementor-element elementor-element-580c8e6 elementor-widget__width-initial elementor-widget-mobile__width-initial elementor-view-default elementor-widget elementor-widget-icon\" data-id=\"580c8e6\" data-element_type=\"widget\" data-widget_type=\"icon.default\">\n\t\t\t\t<div class=\"elementor-widget-container\">\n\t\t\t\t\t\t\t<div class=\"elementor-icon-wrapper\">\n\t\t\t<div class=\"elementor-icon\">\n\t\t\t<i aria-hidden=\"true\" class=\"far fa-check-circle\"><\/i>\t\t\t<\/div>\n\t\t<\/div>\n\t\t\t\t\t\t<\/div>\n\t\t\t\t<\/div>\n\t\t\t\t<div class=\"elementor-element elementor-element-8f82622 elementor-widget__width-initial elementor-widget-tablet__width-initial elementor-widget-mobile__width-initial elementor-invisible elementor-widget elementor-widget-text-editor\" data-id=\"8f82622\" data-element_type=\"widget\" data-settings=\"{&quot;_animation&quot;:&quot;slideInRight&quot;}\" data-widget_type=\"text-editor.default\">\n\t\t\t\t<div class=\"elementor-widget-container\">\n\t\t\t\t\t\t\t\t\t<p>En ASB Audiovisuals ens prenem molt de deb\u00f2 l&#8217;atenci\u00f3 al client i tenim molt present la fidelitzaci\u00f3. Volem que t&#8217;encanti i que repeteixis. Que et sentis com a casa.<\/p>\t\t\t\t\t\t\t\t<\/div>\n\t\t\t\t<\/div>\n\t\t\t\t\t<\/div>\n\t\t<\/div>\n\t\t\t\t\t<\/div>\n\t\t<\/section>\n\t\t\t\t<\/div>\n\t\t","protected":false},"excerpt":{"rendered":"<p>Karaoke Karaoke Visualitzes les principals sales de Karaoke de Barcelona? En ASB Audiovisuals tenim tot el material audiovisual necessari perqu\u00e8 el teu Karaoke sigui igual de professional. Des del lloguer d&#8217;equips de so, micr\u00f2fons, projectors, pantalles i el programa amb tota la base de dades amb m\u00e9s de 30.000 can\u00e7ons, fins a la producci\u00f3 integral [&hellip;]<\/p>\n","protected":false},"author":4,"featured_media":0,"parent":0,"menu_order":0,"comment_status":"closed","ping_status":"closed","template":"","meta":{"footnotes":""},"class_list":["post-933","page","type-page","status-publish","hentry"],"yoast_head":"<!-- This site is optimized with the Yoast SEO Premium plugin v20.11 (Yoast SEO v24.4) - https:\/\/yoast.com\/wordpress\/plugins\/seo\/ -->\n<title>Karaoke - Audiovisuales ASB<\/title>\n<meta name=\"robots\" content=\"index, follow, max-snippet:-1, max-image-preview:large, max-video-preview:-1\" \/>\n<link rel=\"canonical\" href=\"https:\/\/asbaudiovisuals.com\/ca\/karaoke\/\" \/>\n<meta property=\"og:locale\" content=\"ca_ES\" \/>\n<meta property=\"og:type\" content=\"article\" \/>\n<meta property=\"og:title\" content=\"Karaoke\" \/>\n<meta property=\"og:description\" content=\"Karaoke Karaoke Visualitzes les principals sales de Karaoke de Barcelona? En ASB Audiovisuals tenim tot el material audiovisual necessari perqu\u00e8 el teu Karaoke sigui igual de professional. Des del lloguer d&#8217;equips de so, micr\u00f2fons, projectors, pantalles i el programa amb tota la base de dades amb m\u00e9s de 30.000 can\u00e7ons, fins a la producci\u00f3 integral [&hellip;]\" \/>\n<meta property=\"og:url\" content=\"https:\/\/asbaudiovisuals.com\/ca\/karaoke\/\" \/>\n<meta property=\"og:site_name\" content=\"Audiovisuales ASB\" \/>\n<meta property=\"article:modified_time\" content=\"2024-08-28T09:50:15+00:00\" \/>\n<meta name=\"twitter:card\" content=\"summary_large_image\" \/>\n<meta name=\"twitter:label1\" content=\"Temps estimat de lectura\" \/>\n\t<meta name=\"twitter:data1\" content=\"2 minuts\" \/>\n<script type=\"application\/ld+json\" class=\"yoast-schema-graph\">{\"@context\":\"https:\/\/schema.org\",\"@graph\":[{\"@type\":\"WebPage\",\"@id\":\"https:\/\/asbaudiovisuals.com\/ca\/karaoke\/\",\"url\":\"https:\/\/asbaudiovisuals.com\/ca\/karaoke\/\",\"name\":\"Karaoke - Audiovisuales ASB\",\"isPartOf\":{\"@id\":\"https:\/\/asbaudiovisuals.com\/#website\"},\"datePublished\":\"2024-06-05T08:45:06+00:00\",\"dateModified\":\"2024-08-28T09:50:15+00:00\",\"breadcrumb\":{\"@id\":\"https:\/\/asbaudiovisuals.com\/ca\/karaoke\/#breadcrumb\"},\"inLanguage\":\"ca\",\"potentialAction\":[{\"@type\":\"ReadAction\",\"target\":[\"https:\/\/asbaudiovisuals.com\/ca\/karaoke\/\"]}]},{\"@type\":\"BreadcrumbList\",\"@id\":\"https:\/\/asbaudiovisuals.com\/ca\/karaoke\/#breadcrumb\",\"itemListElement\":[{\"@type\":\"ListItem\",\"position\":1,\"name\":\"Portada\",\"item\":\"https:\/\/asbaudiovisuals.com\/ca\/\"},{\"@type\":\"ListItem\",\"position\":2,\"name\":\"Karaoke\"}]},{\"@type\":\"WebSite\",\"@id\":\"https:\/\/asbaudiovisuals.com\/#website\",\"url\":\"https:\/\/asbaudiovisuals.com\/\",\"name\":\"Audiovisuales ASB\",\"description\":\"Servicios para todo tipo de eventos\",\"potentialAction\":[{\"@type\":\"SearchAction\",\"target\":{\"@type\":\"EntryPoint\",\"urlTemplate\":\"https:\/\/asbaudiovisuals.com\/?s={search_term_string}\"},\"query-input\":{\"@type\":\"PropertyValueSpecification\",\"valueRequired\":true,\"valueName\":\"search_term_string\"}}],\"inLanguage\":\"ca\"}]}<\/script>\n<!-- \/ Yoast SEO Premium plugin. -->","yoast_head_json":{"title":"Karaoke - Audiovisuales ASB","robots":{"index":"index","follow":"follow","max-snippet":"max-snippet:-1","max-image-preview":"max-image-preview:large","max-video-preview":"max-video-preview:-1"},"canonical":"https:\/\/asbaudiovisuals.com\/ca\/karaoke\/","og_locale":"ca_ES","og_type":"article","og_title":"Karaoke","og_description":"Karaoke Karaoke Visualitzes les principals sales de Karaoke de Barcelona? En ASB Audiovisuals tenim tot el material audiovisual necessari perqu\u00e8 el teu Karaoke sigui igual de professional. Des del lloguer d&#8217;equips de so, micr\u00f2fons, projectors, pantalles i el programa amb tota la base de dades amb m\u00e9s de 30.000 can\u00e7ons, fins a la producci\u00f3 integral [&hellip;]","og_url":"https:\/\/asbaudiovisuals.com\/ca\/karaoke\/","og_site_name":"Audiovisuales ASB","article_modified_time":"2024-08-28T09:50:15+00:00","twitter_card":"summary_large_image","twitter_misc":{"Temps estimat de lectura":"2 minuts"},"schema":{"@context":"https:\/\/schema.org","@graph":[{"@type":"WebPage","@id":"https:\/\/asbaudiovisuals.com\/ca\/karaoke\/","url":"https:\/\/asbaudiovisuals.com\/ca\/karaoke\/","name":"Karaoke - Audiovisuales ASB","isPartOf":{"@id":"https:\/\/asbaudiovisuals.com\/#website"},"datePublished":"2024-06-05T08:45:06+00:00","dateModified":"2024-08-28T09:50:15+00:00","breadcrumb":{"@id":"https:\/\/asbaudiovisuals.com\/ca\/karaoke\/#breadcrumb"},"inLanguage":"ca","potentialAction":[{"@type":"ReadAction","target":["https:\/\/asbaudiovisuals.com\/ca\/karaoke\/"]}]},{"@type":"BreadcrumbList","@id":"https:\/\/asbaudiovisuals.com\/ca\/karaoke\/#breadcrumb","itemListElement":[{"@type":"ListItem","position":1,"name":"Portada","item":"https:\/\/asbaudiovisuals.com\/ca\/"},{"@type":"ListItem","position":2,"name":"Karaoke"}]},{"@type":"WebSite","@id":"https:\/\/asbaudiovisuals.com\/#website","url":"https:\/\/asbaudiovisuals.com\/","name":"Audiovisuales ASB","description":"Servicios para todo tipo de eventos","potentialAction":[{"@type":"SearchAction","target":{"@type":"EntryPoint","urlTemplate":"https:\/\/asbaudiovisuals.com\/?s={search_term_string}"},"query-input":{"@type":"PropertyValueSpecification","valueRequired":true,"valueName":"search_term_string"}}],"inLanguage":"ca"}]}},"_links":{"self":[{"href":"https:\/\/asbaudiovisuals.com\/ca\/wp-json\/wp\/v2\/pages\/933","targetHints":{"allow":["GET"]}}],"collection":[{"href":"https:\/\/asbaudiovisuals.com\/ca\/wp-json\/wp\/v2\/pages"}],"about":[{"href":"https:\/\/asbaudiovisuals.com\/ca\/wp-json\/wp\/v2\/types\/page"}],"author":[{"embeddable":true,"href":"https:\/\/asbaudiovisuals.com\/ca\/wp-json\/wp\/v2\/users\/4"}],"replies":[{"embeddable":true,"href":"https:\/\/asbaudiovisuals.com\/ca\/wp-json\/wp\/v2\/comments?post=933"}],"version-history":[{"count":10,"href":"https:\/\/asbaudiovisuals.com\/ca\/wp-json\/wp\/v2\/pages\/933\/revisions"}],"predecessor-version":[{"id":1148,"href":"https:\/\/asbaudiovisuals.com\/ca\/wp-json\/wp\/v2\/pages\/933\/revisions\/1148"}],"wp:attachment":[{"href":"https:\/\/asbaudiovisuals.com\/ca\/wp-json\/wp\/v2\/media?parent=933"}],"curies":[{"name":"wp","href":"https:\/\/api.w.org\/{rel}","templated":true}]}}