{"id":935,"date":"2023-07-09T22:57:05","date_gmt":"2023-07-09T20:57:05","guid":{"rendered":"https:\/\/asbaudiovisuals.com\/politica-de-privacitat\/"},"modified":"2024-07-09T11:40:21","modified_gmt":"2024-07-09T09:40:21","slug":"politica-de-privacitat","status":"publish","type":"page","link":"https:\/\/asbaudiovisuals.com\/ca\/politica-de-privacitat\/","title":{"rendered":"Pol\u00edtica de privacitat"},"content":{"rendered":"\t\t<div data-elementor-type=\"wp-page\" data-elementor-id=\"935\" class=\"elementor elementor-935 elementor-82\" data-elementor-post-type=\"page\">\n\t\t\t\t\t\t<section class=\"elementor-section elementor-top-section elementor-element elementor-element-d00621c elementor-section-boxed elementor-section-height-default elementor-section-height-default\" data-id=\"d00621c\" data-element_type=\"section\">\n\t\t\t\t\t\t<div class=\"elementor-container elementor-column-gap-default\">\n\t\t\t\t\t<div class=\"elementor-column elementor-col-100 elementor-top-column elementor-element elementor-element-322c026\" data-id=\"322c026\" data-element_type=\"column\">\n\t\t\t<div class=\"elementor-widget-wrap elementor-element-populated\">\n\t\t\t\t\t\t<div class=\"elementor-element elementor-element-c6d6005 elementor-widget elementor-widget-heading\" data-id=\"c6d6005\" data-element_type=\"widget\" data-widget_type=\"heading.default\">\n\t\t\t\t<div class=\"elementor-widget-container\">\n\t\t\t\t\t<h2 class=\"elementor-heading-title elementor-size-default\">Pol\u00edtica de privacitat<\/h2>\t\t\t\t<\/div>\n\t\t\t\t<\/div>\n\t\t\t\t<div class=\"elementor-element elementor-element-a2417c3 elementor-widget elementor-widget-text-editor\" data-id=\"a2417c3\" data-element_type=\"widget\" data-widget_type=\"text-editor.default\">\n\t\t\t\t<div class=\"elementor-widget-container\">\n\t\t\t\t\t\t\t\t\t<p><strong>1. Responsable del tractament<\/strong><\/p>\n<p>Dades del responsable de tractament:<\/p>\n<p>Identitat: Tom\u00e1s Fern\u00e1ndez Garc\u00eda<\/p>\n<p>Adre\u00e7a postal: c\/ Navarra 3, 08014, Barcelona<\/p>\n<p>Tel\u00e8fon: (+34) 666 366 732<\/p>\n<p>Correu electr\u00f2nic: info@alquilersonidobarcelona.com<\/p>\n<p><strong>2. Dades recollides<\/strong><\/p>\n<p>-Navegaci\u00f3 del web<br \/>El tipus de dades personals que recollim i tractem dels Usuaris en el Lloc web i les Aplicacions s\u00f3n els seg\u00fcents: Adre\u00e7a IP, Cookies i similars. L&#8217;adre\u00e7a IP \u00e9s un codi que identifica la connexi\u00f3 a internet de l&#8217;Usuari en un moment concret, i les Cookies s\u00f3n fitxers que es descarreguen al navegador de l&#8217;Usuari i que poden ser llegits posteriorment pel lloc web. No obstant aix\u00f2, no \u00e9s possible esbrinar la identitat de l&#8217;Usuari amb aquestes dades, tret que aquest proporcion\u00e9s informaci\u00f3 addicional a trav\u00e9s d&#8217;altres mitjans. Podeu consultar m\u00e9s informaci\u00f3 en la nostra Pol\u00edtica de cookies.<\/p>\n<p>-Sol\u00b7licitud d&#8217;informaci\u00f3, compra d&#8217;un producte o servei.<br \/>Les dades recollides seran les dades identificatives necess\u00e0ries per poder enviar-li el producte o prestar-li el servei.<\/p>\n<p>-Subscripci\u00f3 a les nostres newsletters i\/o publicacions.<br \/>Les dades recollides seran les dades identificatives necess\u00e0ries per poder fer-li arribar el contingut al qual s&#8217; ha subscrit.<\/p>\n<p>-Subscripci\u00f3 a esdeveniments i activitats similars.<br \/>Les dades recollides seran les dades identificatives necess\u00e0ries per gestionar la seva participaci\u00f3, com el seu nom, cognoms, correu electr\u00f2nic, empresa, c\u00e0rrec i dades de contacte professional. Aix\u00ed mateix aquests actes podran ser reprodu\u00efts en directe \u00edntegrament, fotografiats i\/o gravats, per tant, en aquests casos la seva imatge podr\u00e0 ser publicada en els canals i mitjans de comunicaci\u00f3 interns i externs de l&#8217;empresa aix\u00ed com en l&#8217;entorn en l\u00ednia (web, xarxes socials, plataformes digitals, etc.), amb l&#8217;\u00fanica finalitat d&#8217;informar sobre l&#8217;activitat desenvolupada per la Signatura. Amb la seva inscripci\u00f3 a l&#8217; esdeveniment quedar\u00e0 informat i accepta l&#8217; anterior.<\/p>\n<p><strong>3. Finalitat<\/strong><\/p>\n<p>Les dades personals dels Usuaris es recolliran i tractaran per tal de gestionar la relaci\u00f3 amb el servei i\/o recepci\u00f3 de newsletters, com a punt de l&#8217;empresa, per gestionar l&#8217;\u00fas del web i, quan aix\u00ed ho permeti la normativa aplicable, per a l&#8217;enviament recurrent d&#8217;informaci\u00f3 o d&#8217;esdeveniments de divulgaci\u00f3 i ensenyament en l&#8217;\u00e0mbit de les activitats professionals promogudes. Aix\u00ed mateix, les seves dades personals es recolliran i tractaran per respondre a les consultes o q\u00fcestions que pugui remetre a trav\u00e9s del Lloc web o Aplicacions.<\/p>\n<p><strong>4. Legitimaci\u00f3 i conservaci\u00f3<\/strong><\/p>\n<p>La legitimaci\u00f3 per al tractament de l&#8217;adre\u00e7a IP \u00e9s la necessitat per possibilitar la connexi\u00f3 amb el lloc web a trav\u00e9s d&#8217;Internet, sent l&#8217;inter\u00e8s leg\u00edtim de l&#8217;empresa per mantenir la relaci\u00f3 existent amb l&#8217;Usuari aix\u00ed com l&#8217;enviament d&#8217;informaci\u00f3 i d&#8217;activitats de l&#8217;empresa.<br \/>En el cas de subscripci\u00f3 en les nostres publicacions i\/o esdeveniments, aix\u00ed com la sol\u00b7licitud pels Usuaris d&#8217;informaci\u00f3 o determinats serveis, la legitimaci\u00f3 ser\u00e0 el propi consentiment de l&#8217;Usuari.<br \/>Per tant, l&#8217; empresa recollir\u00e0 i tractar\u00e0 les seves dades mentre la relaci\u00f3 continu\u00ef vigent i, si s&#8217; escau, l&#8217; Usuari no revoqui el consentiment que ha prestat al tractament de les seves dades. En tot cas, quan les dades personals deixin de ser necess\u00e0ries, per a la finalitat per a la qual van ser recaptades, i mentre existeixin responsabilitats legals o contractuals que requereixin conservar-les, es conservaran de forma bloquejada fins que es procedeixi a la cancel\u00b7laci\u00f3 definitiva d&#8217;aquests.<br \/>En el sup\u00f2sit que es tractin dades per a l&#8217; enviament de comunicacions, es podran mantenir mentre l&#8217; Usuari no s&#8217; oposi a rebre aquestes comunicacions per qualsevol dels mitjans que es posen a la seva disposici\u00f3.<\/p>\n<p><strong>5. Comunicaci\u00f3<\/strong><\/p>\n<p>L&#8217; empresa no comunicar\u00e0 aquestes dades a tercers, excepte quan sigui estrictament necessari per gestionar i mantenir la relaci\u00f3 amb l&#8217; empresa o pr\u00e8via autoritzaci\u00f3 per la seva part.  <br \/>Aix\u00ed mateix, com a empresa, en el sup\u00f2sit que fos necessari per a la prestaci\u00f3 dels serveis, l&#8217; empresa podr\u00e0 comunicar les dades dels Usuaris a les companyies del seu grup d&#8217; empreses, per a les mateixes finalitats abans indicades. Aquestes comunicacions podrien suposar una transfer\u00e8ncia internacional de dades per a la qual cosa l&#8217; empresa signar\u00e0 les Cl\u00e0usules Contractuals Tipus aprovades per la Comissi\u00f3 Europea, adoptant totes les garanties que siguin aplicables conforme a la normativa per garantir un nivell de protecci\u00f3 d&#8217; acord amb les normes aplicables sobre Protecci\u00f3 de Dades.<br \/>Aix\u00ed mateix les seves dades no se sotmetran a decisions automatitzades.<br \/>En cas d&#8217; inscripci\u00f3 a esdeveniments de l&#8217; empresa organitzats amb tercers, les seves dades podran ser cedides a aquestes per a l&#8217; organitzaci\u00f3 i gesti\u00f3 dels esdeveniments.<\/p>\n<p><strong>6. Drets<\/strong><\/p>\n<p>Ho informem que els Usuaris tenen dret a exercitar en tot moment, en els termes establerts per la legislaci\u00f3 vigent, els seus drets d&#8217;acc\u00e9s, rectificaci\u00f3 o supressi\u00f3 de dades, sol\u00b7licitar que es limiti el tractament, oposar-s&#8217;hi, sol\u00b7licitar la portabilitat de les seves dades, aix\u00ed com revocar el consentiment prestat, dirigint-se a l&#8217;adre\u00e7a de correu electr\u00f2nic:  info@alquilersonidobarcelona.com<br \/>indicant clarament el dret que desitja exercitar i acompanyant el seu Document Nacional d&#8217; Identitat o document identificatiu similar que acrediti la seva identitat. Aix\u00ed mateix, podr\u00e0 presentar una reclamaci\u00f3 davant l&#8217; Ag\u00e8ncia Espanyola de Protecci\u00f3 de Dades o autoritat de protecci\u00f3 de dades que resulti competent.<br \/>En el sup\u00f2sit que els Usuaris ens proporcionin dades de car\u00e0cter personal de terceres persones, l&#8217; Usuari ens garanteix que els ha informat amb car\u00e0cter previ a la seva inclusi\u00f3, dels extrems continguts en la present Pol\u00edtica de Privacitat, responent personalment davant l&#8217; empresa de quants danys i perjudicis puguin derivar-se, en cas de contravenci\u00f3.<br \/>L&#8217; usuari es compromet a notificar qualsevol canvi o modificaci\u00f3 de les dades personals que hagi facilitat. Qualsevol p\u00e8rdua o mal causat al Lloc web o a les Aplicacions, a l&#8217;empresa, o a qualsevol tercer mitjan\u00e7ant la comunicaci\u00f3 d&#8217;informaci\u00f3 err\u00f2nia, inexacta o incompleta ser\u00e0 responsabilitat \u00fanica i exclusiva de l&#8217;usuari.<\/p>\n\t\t\t\t\t\t\t\t<\/div>\n\t\t\t\t<\/div>\n\t\t\t\t\t<\/div>\n\t\t<\/div>\n\t\t\t\t\t<\/div>\n\t\t<\/section>\n\t\t\t\t<section class=\"elementor-section elementor-top-section elementor-element elementor-element-752c10f elementor-section-boxed elementor-section-height-default elementor-section-height-default\" data-id=\"752c10f\" data-element_type=\"section\">\n\t\t\t\t\t\t<div class=\"elementor-container elementor-column-gap-default\">\n\t\t\t\t\t<div class=\"elementor-column elementor-col-100 elementor-top-column elementor-element elementor-element-8a8903b\" data-id=\"8a8903b\" data-element_type=\"column\">\n\t\t\t<div class=\"elementor-widget-wrap elementor-element-populated\">\n\t\t\t\t\t\t<div class=\"elementor-element elementor-element-c8566de elementor-widget elementor-widget-spacer\" data-id=\"c8566de\" data-element_type=\"widget\" data-widget_type=\"spacer.default\">\n\t\t\t\t<div class=\"elementor-widget-container\">\n\t\t\t\t\t\t\t<div class=\"elementor-spacer\">\n\t\t\t<div class=\"elementor-spacer-inner\"><\/div>\n\t\t<\/div>\n\t\t\t\t\t\t<\/div>\n\t\t\t\t<\/div>\n\t\t\t\t\t<\/div>\n\t\t<\/div>\n\t\t\t\t\t<\/div>\n\t\t<\/section>\n\t\t\t\t<\/div>\n\t\t","protected":false},"excerpt":{"rendered":"<p>Pol\u00edtica de privacitat 1. Responsable del tractament Dades del responsable de tractament: Identitat: Tom\u00e1s Fern\u00e1ndez Garc\u00eda Adre\u00e7a postal: c\/ Navarra 3, 08014, Barcelona Tel\u00e8fon: (+34) 666 366 732 Correu electr\u00f2nic: info@alquilersonidobarcelona.com 2. Dades recollides -Navegaci\u00f3 del webEl tipus de dades personals que recollim i tractem dels Usuaris en el Lloc web i les Aplicacions s\u00f3n [&hellip;]<\/p>\n","protected":false},"author":1,"featured_media":0,"parent":0,"menu_order":0,"comment_status":"closed","ping_status":"closed","template":"","meta":{"footnotes":""},"class_list":["post-935","page","type-page","status-publish","hentry"],"yoast_head":"<!-- This site is optimized with the Yoast SEO Premium plugin v20.11 (Yoast SEO v24.4) - https:\/\/yoast.com\/wordpress\/plugins\/seo\/ -->\n<title>Pol\u00edtica de privacitat - Audiovisuales ASB<\/title>\n<meta name=\"robots\" content=\"noindex, follow\" \/>\n<meta property=\"og:locale\" content=\"ca_ES\" \/>\n<meta property=\"og:type\" content=\"article\" \/>\n<meta property=\"og:title\" content=\"Pol\u00edtica de privacitat\" \/>\n<meta property=\"og:description\" content=\"Pol\u00edtica de privacitat 1. Responsable del tractament Dades del responsable de tractament: Identitat: Tom\u00e1s Fern\u00e1ndez Garc\u00eda Adre\u00e7a postal: c\/ Navarra 3, 08014, Barcelona Tel\u00e8fon: (+34) 666 366 732 Correu electr\u00f2nic: info@alquilersonidobarcelona.com 2. Dades recollides -Navegaci\u00f3 del webEl tipus de dades personals que recollim i tractem dels Usuaris en el Lloc web i les Aplicacions s\u00f3n [&hellip;]\" \/>\n<meta property=\"og:url\" content=\"https:\/\/asbaudiovisuals.com\/ca\/politica-de-privacitat\/\" \/>\n<meta property=\"og:site_name\" content=\"Audiovisuales ASB\" \/>\n<meta property=\"article:modified_time\" content=\"2024-07-09T09:40:21+00:00\" \/>\n<meta name=\"twitter:card\" content=\"summary_large_image\" \/>\n<meta name=\"twitter:label1\" content=\"Temps estimat de lectura\" \/>\n\t<meta name=\"twitter:data1\" content=\"5 minuts\" \/>\n<script type=\"application\/ld+json\" class=\"yoast-schema-graph\">{\"@context\":\"https:\/\/schema.org\",\"@graph\":[{\"@type\":\"WebPage\",\"@id\":\"https:\/\/asbaudiovisuals.com\/ca\/politica-de-privacitat\/\",\"url\":\"https:\/\/asbaudiovisuals.com\/ca\/politica-de-privacitat\/\",\"name\":\"Pol\u00edtica de privacitat - Audiovisuales ASB\",\"isPartOf\":{\"@id\":\"https:\/\/asbaudiovisuals.com\/#website\"},\"datePublished\":\"2023-07-09T20:57:05+00:00\",\"dateModified\":\"2024-07-09T09:40:21+00:00\",\"breadcrumb\":{\"@id\":\"https:\/\/asbaudiovisuals.com\/ca\/politica-de-privacitat\/#breadcrumb\"},\"inLanguage\":\"ca\",\"potentialAction\":[{\"@type\":\"ReadAction\",\"target\":[\"https:\/\/asbaudiovisuals.com\/ca\/politica-de-privacitat\/\"]}]},{\"@type\":\"BreadcrumbList\",\"@id\":\"https:\/\/asbaudiovisuals.com\/ca\/politica-de-privacitat\/#breadcrumb\",\"itemListElement\":[{\"@type\":\"ListItem\",\"position\":1,\"name\":\"Portada\",\"item\":\"https:\/\/asbaudiovisuals.com\/ca\/\"},{\"@type\":\"ListItem\",\"position\":2,\"name\":\"Pol\u00edtica de privacitat\"}]},{\"@type\":\"WebSite\",\"@id\":\"https:\/\/asbaudiovisuals.com\/#website\",\"url\":\"https:\/\/asbaudiovisuals.com\/\",\"name\":\"Audiovisuales ASB\",\"description\":\"Servicios para todo tipo de eventos\",\"potentialAction\":[{\"@type\":\"SearchAction\",\"target\":{\"@type\":\"EntryPoint\",\"urlTemplate\":\"https:\/\/asbaudiovisuals.com\/?s={search_term_string}\"},\"query-input\":{\"@type\":\"PropertyValueSpecification\",\"valueRequired\":true,\"valueName\":\"search_term_string\"}}],\"inLanguage\":\"ca\"}]}<\/script>\n<!-- \/ Yoast SEO Premium plugin. -->","yoast_head_json":{"title":"Pol\u00edtica de privacitat - Audiovisuales ASB","robots":{"index":"noindex","follow":"follow"},"og_locale":"ca_ES","og_type":"article","og_title":"Pol\u00edtica de privacitat","og_description":"Pol\u00edtica de privacitat 1. Responsable del tractament Dades del responsable de tractament: Identitat: Tom\u00e1s Fern\u00e1ndez Garc\u00eda Adre\u00e7a postal: c\/ Navarra 3, 08014, Barcelona Tel\u00e8fon: (+34) 666 366 732 Correu electr\u00f2nic: info@alquilersonidobarcelona.com 2. Dades recollides -Navegaci\u00f3 del webEl tipus de dades personals que recollim i tractem dels Usuaris en el Lloc web i les Aplicacions s\u00f3n [&hellip;]","og_url":"https:\/\/asbaudiovisuals.com\/ca\/politica-de-privacitat\/","og_site_name":"Audiovisuales ASB","article_modified_time":"2024-07-09T09:40:21+00:00","twitter_card":"summary_large_image","twitter_misc":{"Temps estimat de lectura":"5 minuts"},"schema":{"@context":"https:\/\/schema.org","@graph":[{"@type":"WebPage","@id":"https:\/\/asbaudiovisuals.com\/ca\/politica-de-privacitat\/","url":"https:\/\/asbaudiovisuals.com\/ca\/politica-de-privacitat\/","name":"Pol\u00edtica de privacitat - Audiovisuales ASB","isPartOf":{"@id":"https:\/\/asbaudiovisuals.com\/#website"},"datePublished":"2023-07-09T20:57:05+00:00","dateModified":"2024-07-09T09:40:21+00:00","breadcrumb":{"@id":"https:\/\/asbaudiovisuals.com\/ca\/politica-de-privacitat\/#breadcrumb"},"inLanguage":"ca","potentialAction":[{"@type":"ReadAction","target":["https:\/\/asbaudiovisuals.com\/ca\/politica-de-privacitat\/"]}]},{"@type":"BreadcrumbList","@id":"https:\/\/asbaudiovisuals.com\/ca\/politica-de-privacitat\/#breadcrumb","itemListElement":[{"@type":"ListItem","position":1,"name":"Portada","item":"https:\/\/asbaudiovisuals.com\/ca\/"},{"@type":"ListItem","position":2,"name":"Pol\u00edtica de privacitat"}]},{"@type":"WebSite","@id":"https:\/\/asbaudiovisuals.com\/#website","url":"https:\/\/asbaudiovisuals.com\/","name":"Audiovisuales ASB","description":"Servicios para todo tipo de eventos","potentialAction":[{"@type":"SearchAction","target":{"@type":"EntryPoint","urlTemplate":"https:\/\/asbaudiovisuals.com\/?s={search_term_string}"},"query-input":{"@type":"PropertyValueSpecification","valueRequired":true,"valueName":"search_term_string"}}],"inLanguage":"ca"}]}},"_links":{"self":[{"href":"https:\/\/asbaudiovisuals.com\/ca\/wp-json\/wp\/v2\/pages\/935","targetHints":{"allow":["GET"]}}],"collection":[{"href":"https:\/\/asbaudiovisuals.com\/ca\/wp-json\/wp\/v2\/pages"}],"about":[{"href":"https:\/\/asbaudiovisuals.com\/ca\/wp-json\/wp\/v2\/types\/page"}],"author":[{"embeddable":true,"href":"https:\/\/asbaudiovisuals.com\/ca\/wp-json\/wp\/v2\/users\/1"}],"replies":[{"embeddable":true,"href":"https:\/\/asbaudiovisuals.com\/ca\/wp-json\/wp\/v2\/comments?post=935"}],"version-history":[{"count":1,"href":"https:\/\/asbaudiovisuals.com\/ca\/wp-json\/wp\/v2\/pages\/935\/revisions"}],"predecessor-version":[{"id":936,"href":"https:\/\/asbaudiovisuals.com\/ca\/wp-json\/wp\/v2\/pages\/935\/revisions\/936"}],"wp:attachment":[{"href":"https:\/\/asbaudiovisuals.com\/ca\/wp-json\/wp\/v2\/media?parent=935"}],"curies":[{"name":"wp","href":"https:\/\/api.w.org\/{rel}","templated":true}]}}